{"id":13436,"date":"2018-05-24T10:51:45","date_gmt":"2018-05-24T08:51:45","guid":{"rendered":"https:\/\/blog.scaliagroup.com\/?page_id=13436\/"},"modified":"2018-05-24T10:51:45","modified_gmt":"2018-05-24T08:51:45","slug":"wie-man-lederschuhe-richtig-reinigt","status":"publish","type":"page","link":"https:\/\/blog.scaliagroup.com\/de\/ratgeber\/wie-man-lederschuhe-richtig-reinigt\/","title":{"rendered":"Wie man Lederschuhe richtig reinigt"},"content":{"rendered":"<p><img loading=\"lazy\" decoding=\"async\" class=\"aligncenter size-full wp-image-13404\" src=\"https:\/\/blog.scaliagroup.com\/wp-content\/uploads\/2018\/05\/pulire-scarpe.jpg\" alt=\"Wie man Lederschuhe richtig reinigt\" width=\"1400\" height=\"650\" srcset=\"https:\/\/blog.scaliagroup.com\/wp-content\/uploads\/2018\/05\/pulire-scarpe.jpg 1400w, https:\/\/blog.scaliagroup.com\/wp-content\/uploads\/2018\/05\/pulire-scarpe-300x139.jpg 300w, https:\/\/blog.scaliagroup.com\/wp-content\/uploads\/2018\/05\/pulire-scarpe-768x357.jpg 768w, https:\/\/blog.scaliagroup.com\/wp-content\/uploads\/2018\/05\/pulire-scarpe-1024x475.jpg 1024w\" sizes=\"auto, (max-width: 1400px) 100vw, 1400px\" \/><br \/>\nDirekt nachdem wir uns gefragt haben, womit wir das gerade gekaufte, neue Paar <a title=\"Schuhe\" href=\"https:\/\/www.scaliagroup.de\/schuhe\/\">Schuhe<\/a> am besten anziehen, ist die zweit-wichtigste Frage: wie reinige ich diese? Die Pflege der Schuhwaren ist oft ein leidliches Thema, da es sich bei diesen unvermeidlich im ein Accessoire handelt, das sehr leicht dreckig wird und nicht immer wei\u00df man genau, wie man die Schuhe wieder s\u00e4ubern soll oder wie man den Schaden ab besten begrenzt, vor allem wenn es um Lederschuhe geht. Oft geht man sogar so weit, dass man das geliebte Paar nur m\u00f6glichst selten und zu besonderen Anl\u00e4ssen anzieht, um zu verhindern, dass man es besch\u00e4digt, aber eigentlich sind sie daf\u00fcr viel zu schade: Lederschuhe sind bequem und widerstandsf\u00e4hig, vor allem wenn sie aus qualitativ hochwertigem Leder hergestellt sind, aber eben nur, wenn sie richtig gepflegt und gereinigt werden, ohne dabei Sch\u00e4den zu verursachen.<\/p>\n<p>Ob es sich um Stiefel, Mokassins, Sneakers oder Sandalen handelt, ein jedes Modell ben\u00f6tigt die entsprechende Reinigung, und das nicht nur von Au\u00dfen, sondern auch von Innen. Dieser Aspekt ist fundamental, wenn es zum Beispiel um Sandalen geht, bei denen auch die Innensohle sehr oft verunreinigt wird.<\/p>\n<p>Das Leder unterschiedlicher Schuhe ist in der Tat nicht immer gleich und kann deshalb auch nicht immer gleich behandelt werden: Schuhwaren k\u00f6nnen aus glattem Leder, Velours, Lack oder auch aus einer Kombination aus Leder und Stoff hergestellt sein. Und jede dieser Lederarten sollte auf unterschiedliche Weise behandelt und gepflegt werden, auch, da einige Ledersorten weniger widerstandsf\u00e4hig sind als andere und deshalb eine noch sorgf\u00e4ltigere Behandlung ben\u00f6tigen.<\/p>\n<h2>Reinigung von Lederschuhen<\/h2>\n<p>Die Reinigung des Leders der Schuhwaren ist ein Vorgang, der m\u00f6glichst regelm\u00e4\u00dfig unternommen werden sollte, sowohl aus Hygienegr\u00fcnden, als auch, um ihre Lebensdauer m\u00f6glichst zu erh\u00f6hen: der perfekte Moment daf\u00fcr ist der Wechsel der Jahreszeiten, wobei die Schuhe sowohl gr\u00fcndlich gereinigt werden sollen, bevor sie bis zum n\u00e4chsten Jahr im Schrank verstaut werden, als auch bevor man sie f\u00fcr dieses Jahr wieder herausholt.<\/p>\n<h3>Wie man Schuhe aus glattem Leder reinigt<\/h3>\n<figure id=\"attachment_13430\" aria-describedby=\"caption-attachment-13430\" style=\"width: 450px\" class=\"wp-caption alignright\"><img decoding=\"async\" class=\"size-full wp-image-13430\" src=\"https:\/\/blog.scaliagroup.com\/wp-content\/uploads\/2018\/05\/pulizia-scarpe-pelle-1.jpg\" alt=\"Accessoires zur Schuh-Reinigung\" width=\"450\" srcset=\"https:\/\/blog.scaliagroup.com\/wp-content\/uploads\/2018\/05\/pulizia-scarpe-pelle-1.jpg 669w, https:\/\/blog.scaliagroup.com\/wp-content\/uploads\/2018\/05\/pulizia-scarpe-pelle-1-150x150.jpg 150w, https:\/\/blog.scaliagroup.com\/wp-content\/uploads\/2018\/05\/pulizia-scarpe-pelle-1-300x300.jpg 300w\" sizes=\"(max-width: 669px) 100vw, 669px\" \/><figcaption id=\"caption-attachment-13430\" class=\"wp-caption-text\">Accessoires zur Schuh-Reinigung<\/figcaption><\/figure>\n<p>Um Schuhe aus glattem Leder zu reinigen, sollte man sich zun\u00e4chst einmal eine Rosshaar-B\u00fcrste, einen weichen Lappen und farbige oder neutrale Schuhcreme zurechtlegen: sollte man au\u00dferdem einen eventuellen Mangel ausgleichen wollen,\u00a0verwendet\u00a0man am Besten Schuhcreme f\u00fcr farbiges Leder, im Falle einer normalen Instandhaltung der Schuhwaren, eignet sich die neutrale Creme, um das Aussehen des Schuhes zu verj\u00fcngen und ihm wieder einen frischen und gut durchfeuchteten Effekt zu verleihen, sodass er aussieht, wie am ersten Tag. Die Creme sollte so gleichm\u00e4\u00dfig wie m\u00f6glich mit Hilfe der Rosshaar-B\u00fcrste auf der gesamten Oberfl\u00e4che des Schuhs verteilt werden. Der weiche Lappen dient dann dazu, das Leder danach wieder zu polieren, bis es gl\u00e4nzt.<\/p>\n<p>Sollten dagegen widerspenstige Flecken vorhanden sein, kann man sehr gut ein Spray zur Trockenreinigung verwenden, das sich f\u00fcr alle Lederarten eignet und das Leder grundlegend bis in die Tiefen reinigt, ohne es zu besch\u00e4digen.<\/p>\n<p>Die Liebhaber von Naturprodukten dagegen k\u00f6nnen das Leder ihrer Schuhe mit einem in Reinigungsmilch getunkten Wattebausch reinigen und anschlie\u00dfend mit ein paar Tropfen wei\u00dfen Essigs wieder zum Gl\u00e4nzen bringen. Auch in diesem Fall wird die Verwendung einer Rosshaar-B\u00fcrste oder eines Mikrofaser-Tuches empfohlen, welches vor allem n\u00fctzlich ist, um durch Regenwasser verursachte Flecken zu entfernen.<\/p>\n<h3>Wie man Schuhe aus Lack reinigt<\/h3>\n<p>Lackschuhe sind mit einer speziellen \u00e4u\u00dferen Schicht \u00fcberzogen, welche das Leder glatt und gl\u00e4nzend macht: trotz dieses Aspektes bleiben auch die Lackschuhe nicht unbehelligt von Flecken oder Sch\u00e4den, aber in diesem Falle sollte man bei der Reinigung im Vergleich zu normalem Leder besondere Vorsicht walten lassen.<\/p>\n<p>Von der Verwendung von B\u00fcrsten wird in diesem Fall definitiv abgeraten, da solche nicht wiedergutzumachende Kratzer verursachen k\u00f6nnten, die vor allem auf der gl\u00e4nzenden Oberfl\u00e4che besonders hervorstechen. Am besten kann dagegen ein Mikrofaser-Tuch\u00a0zur Hand genommen\u00a0werden, das in Wasser und neutrales Reinigungsmittel getaucht wird, w\u00e4hrend man die etwas schwieriger zu reinigenden Stellen wie N\u00e4hte am Besten mit einer Zahnb\u00fcrste mit weichen Borsten reinigt.<\/p>\n<h3>Wie man Schuhe aus Velours reinigt<\/h3>\n<p>Die Schuhe aus Velours sind genauso empfindlich, wie die aus Lack und m\u00fcssen auf ganz andere Weise behandelt werden. In diesem Fall kommt uns ein besonders hilfreiches Hausmittel aus der Trickkiste unserer Oma zu gute: sie r\u00e4t dazu, das gesamte \u00c4u\u00dfere des Schuhes mit dem wei\u00dfen Inneren eines Brotes zu bearbeiten, da dieses eine Stufe zwischen dem schleifenden Effekt einer B\u00fcrste und der Weichheit eines Stofftuches darstellt. Im Handel kommen au\u00dferdem zahlreiche Schw\u00e4mme zur Reinigung von Velours-Leder vor, aber im Notfall ist das Brot ein echtes Wundermittel.<\/p>\n<p>Im Falle von widerspenstigen Verschmutzungen kann man dagegen auch Trockenshampoo verwenden oder aber Wasser mit Sp\u00fclmittel auftragen und dieses verdunsten lassen, wobei man aber aufpassen sollte, den Schuh nicht zu durchn\u00e4ssen; abschlie\u00dfend bearbeitet man die Oberfl\u00e4che dann mit einem weichen Lappen.<\/p>\n<h2>Wie man Schuhe von unangenehmen Ger\u00fcchen befreit<\/h2>\n<figure id=\"attachment_13425\" aria-describedby=\"caption-attachment-13425\" style=\"width: 450px\" class=\"wp-caption alignright\"><img loading=\"lazy\" decoding=\"async\" class=\"size-full wp-image-13425\" src=\"https:\/\/blog.scaliagroup.com\/wp-content\/uploads\/2018\/05\/olii-essenziali.jpg\" alt=\"\u00c4therische \u00d6le\" width=\"450\" height=\"450\" srcset=\"https:\/\/blog.scaliagroup.com\/wp-content\/uploads\/2018\/05\/olii-essenziali.jpg 450w, https:\/\/blog.scaliagroup.com\/wp-content\/uploads\/2018\/05\/olii-essenziali-150x150.jpg 150w, https:\/\/blog.scaliagroup.com\/wp-content\/uploads\/2018\/05\/olii-essenziali-300x300.jpg 300w\" sizes=\"auto, (max-width: 450px) 100vw, 450px\" \/><figcaption id=\"caption-attachment-13425\" class=\"wp-caption-text\">\u00c4therische \u00d6le<\/figcaption><\/figure>\n<p>Ein grundlegendes Kapitel der Leder-Schuhreinigung betrifft dagegen das Entfernen unangenehmer Ger\u00fcche, was auch in diesem Fall mit Hilfe spezieller, eigens daf\u00fcr entwickelter Sprays oder aber mit kleinen und n\u00fctzlichen Hausmittel geschehen kann: anhaltende Ger\u00fcche k\u00f6nnen zum Beispiel durch Orangen- oder Zitronenschalen gelindert werden, die in das Innere des Schuhes gesteckt werden, wogegen ein Paar Tropfen eines \u00e4therischen \u00d6les dem Schuh einen angenehmen Geruch verleihen, ohne dabei zu aufdringlich zu wirken. Bei lang anhaltenden Ger\u00fcchen, was vor allem bei Sneakers vorkommt, hilft ein wenig Bikarbonat dabei, die letzten Spuren verschwinden zu lassen.<\/p>\n<h2>Wie man Schuhe am besten aufbewahrt<\/h2>\n<p>Um zu verhindern, dass die Schuhe zu sehr leiden und deshalb dann auch besonders oft und intensiv gereinigt werden m\u00fcssen, sollte man auch wissen, wie man diese am Besten im Inneren des Kleiderschrankes aufbewahrt: wenn sie Feuchtigkeit, Staub oder Sonneneinstrahlung ausgesetzt werden, kann dies besonders sch\u00e4dlich f\u00fcr Lederschuhe sein, vor allem w\u00e4hrend der l\u00e4ngeren Zeitr\u00e4ume, in denen sie aufgrund der falschen Jahreszeit nicht genutzt werden. Eigens zur Lagerung hergestellte Schachteln sorgen daf\u00fcr, dass die Schuhe ihre Form nicht verlieren und vor \u00e4u\u00dferen Einfl\u00fcssen gesch\u00fctzt werden, aber auch in diesem Falle besteht trotzdem das Risiko von Staubflecken: deshalb sollte man am Besten Stoffs\u00e4ckchen (oder zum Beispiel auch Gefrierbeutel) verwenden, um den einzelnen Schuh nicht nur vor Verunreinigungen, sondern auch vor eventuellen Kratzern zu sch\u00fctzen, die entstehen k\u00f6nnen, wenn die Schuhe aneinander reiben, was vor allem bei den empfindlichen Modellen aus Velours oder Lack vorkommen kann. Auch in diesem Falle gibt es ein kleines Hausmittel: gibt man fl\u00fcssigen Gips mit ein paar Tropfen \u00e4therischen \u00d6len in eine kleine Form (zum Beispiel zum Formen von Seife oder Pralinen), so kann man ein kleines Schuh-Deo selbst herstellen, das Dank der Porosit\u00e4t des Gipses dabei hilft, das Eindringen von Feuchtigkeit zu verhindern und unangenehmen Ger\u00fcchen vorzubeugen.<\/p>\n<p>Dank dieser kleinen Ma\u00dfnahmen wird das Schuhe-Putzen nicht nur zu einer n\u00fctzlichen Ma\u00dfnahme, sondern auch zu einer angenehmen Routine, mit der man sich dem von M\u00e4nnern und Frauen gleicherma\u00dfen geliebten Accessoire widmet, und die alles in allem nur wenige Minuten in Anspruch nimmt, aber den Schuhen ein deutlich l\u00e4ngeres Leben bescheren kann.<\/p>\n","protected":false},"excerpt":{"rendered":"<p>Direkt nachdem wir uns gefragt haben, womit wir das gerade gekaufte, neue Paar Schuhe am besten anziehen, ist die zweit-wichtigste Frage: wie reinige ich diese? Die Pflege der Schuhwaren ist oft ein leidliches Thema, da es sich&#8230;<\/p>\n","protected":false},"author":2,"featured_media":0,"parent":13393,"menu_order":0,"comment_status":"closed","ping_status":"closed","template":"","meta":{"footnotes":""},"class_list":["post-13436","page","type-page","status-publish","hentry"],"yoast_head":"<!-- This site is optimized with the Yoast SEO plugin v24.6 - https:\/\/yoast.com\/wordpress\/plugins\/seo\/ -->\n<title>Scalia Group | Magazine<\/title>\n<meta name=\"robots\" content=\"index, follow, max-snippet:-1, max-image-preview:large, max-video-preview:-1\" \/>\n<link rel=\"canonical\" href=\"https:\/\/blog.scaliagroup.com\/de\/ratgeber\/wie-man-lederschuhe-richtig-reinigt\/\" \/>\n<meta property=\"og:locale\" content=\"de_DE\" \/>\n<meta property=\"og:type\" content=\"article\" \/>\n<meta property=\"og:title\" content=\"Wie man Lederschuhe richtig reinigt - Scalia Group\" \/>\n<meta property=\"og:description\" content=\"Direkt nachdem wir uns gefragt haben, womit wir das gerade gekaufte, neue Paar Schuhe am besten anziehen, ist die zweit-wichtigste Frage: wie reinige ich diese? Die Pflege der Schuhwaren ist oft ein leidliches Thema, da es sich...\" \/>\n<meta property=\"og:url\" content=\"https:\/\/blog.scaliagroup.com\/de\/ratgeber\/wie-man-lederschuhe-richtig-reinigt\/\" \/>\n<meta property=\"og:site_name\" content=\"Der Blog von Scalia Group\" \/>\n<meta property=\"article:publisher\" content=\"https:\/\/www.facebook.com\/ScaliaGroup\/\" \/>\n<meta property=\"og:image\" content=\"https:\/\/blog.scaliagroup.com\/wp-content\/uploads\/2018\/05\/pulire-scarpe.jpg\" \/>\n<meta name=\"twitter:card\" content=\"summary_large_image\" \/>\n<meta name=\"twitter:site\" content=\"@ScaliaGroup\" \/>\n<meta name=\"twitter:label1\" content=\"Gesch\u00e4tzte Lesezeit\" \/>\n\t<meta name=\"twitter:data1\" content=\"6\u00a0Minuten\" \/>\n<script type=\"application\/ld+json\" class=\"yoast-schema-graph\">{\"@context\":\"https:\/\/schema.org\",\"@graph\":[{\"@type\":\"WebPage\",\"@id\":\"https:\/\/blog.scaliagroup.com\/de\/ratgeber\/wie-man-lederschuhe-richtig-reinigt\/\",\"url\":\"https:\/\/blog.scaliagroup.com\/de\/ratgeber\/wie-man-lederschuhe-richtig-reinigt\/\",\"name\":\"Wie man Lederschuhe richtig reinigt - Scalia Group\",\"isPartOf\":{\"@id\":\"https:\/\/blog.scaliagroup.com\/#website\"},\"primaryImageOfPage\":{\"@id\":\"https:\/\/blog.scaliagroup.com\/de\/ratgeber\/wie-man-lederschuhe-richtig-reinigt\/#primaryimage\"},\"image\":{\"@id\":\"https:\/\/blog.scaliagroup.com\/de\/ratgeber\/wie-man-lederschuhe-richtig-reinigt\/#primaryimage\"},\"thumbnailUrl\":\"https:\/\/blog.scaliagroup.com\/wp-content\/uploads\/2018\/05\/pulire-scarpe.jpg\",\"datePublished\":\"2018-05-24T08:51:45+00:00\",\"breadcrumb\":{\"@id\":\"https:\/\/blog.scaliagroup.com\/de\/ratgeber\/wie-man-lederschuhe-richtig-reinigt\/#breadcrumb\"},\"inLanguage\":\"de\",\"potentialAction\":[{\"@type\":\"ReadAction\",\"target\":[\"https:\/\/blog.scaliagroup.com\/de\/ratgeber\/wie-man-lederschuhe-richtig-reinigt\/\"]}]},{\"@type\":\"ImageObject\",\"inLanguage\":\"de\",\"@id\":\"https:\/\/blog.scaliagroup.com\/de\/ratgeber\/wie-man-lederschuhe-richtig-reinigt\/#primaryimage\",\"url\":\"https:\/\/blog.scaliagroup.com\/wp-content\/uploads\/2018\/05\/pulire-scarpe.jpg\",\"contentUrl\":\"https:\/\/blog.scaliagroup.com\/wp-content\/uploads\/2018\/05\/pulire-scarpe.jpg\"},{\"@type\":\"BreadcrumbList\",\"@id\":\"https:\/\/blog.scaliagroup.com\/de\/ratgeber\/wie-man-lederschuhe-richtig-reinigt\/#breadcrumb\",\"itemListElement\":[{\"@type\":\"ListItem\",\"position\":1,\"name\":\"N\u00fctzliche Ratgeber\",\"item\":\"https:\/\/blog.scaliagroup.com\/de\/ratgeber\/\"},{\"@type\":\"ListItem\",\"position\":2,\"name\":\"Wie man Lederschuhe richtig reinigt\"}]},{\"@type\":\"WebSite\",\"@id\":\"https:\/\/blog.scaliagroup.com\/#website\",\"url\":\"https:\/\/blog.scaliagroup.com\/\",\"name\":\"Der Blog von Scalia Group\",\"description\":\"\",\"potentialAction\":[{\"@type\":\"SearchAction\",\"target\":{\"@type\":\"EntryPoint\",\"urlTemplate\":\"https:\/\/blog.scaliagroup.com\/?s={search_term_string}\"},\"query-input\":{\"@type\":\"PropertyValueSpecification\",\"valueRequired\":true,\"valueName\":\"search_term_string\"}}],\"inLanguage\":\"de\"}]}<\/script>\n<!-- \/ Yoast SEO plugin. -->","yoast_head_json":{"title":"Scalia Group | Magazine","robots":{"index":"index","follow":"follow","max-snippet":"max-snippet:-1","max-image-preview":"max-image-preview:large","max-video-preview":"max-video-preview:-1"},"canonical":"https:\/\/blog.scaliagroup.com\/de\/ratgeber\/wie-man-lederschuhe-richtig-reinigt\/","og_locale":"de_DE","og_type":"article","og_title":"Wie man Lederschuhe richtig reinigt - Scalia Group","og_description":"Direkt nachdem wir uns gefragt haben, womit wir das gerade gekaufte, neue Paar Schuhe am besten anziehen, ist die zweit-wichtigste Frage: wie reinige ich diese? Die Pflege der Schuhwaren ist oft ein leidliches Thema, da es sich...","og_url":"https:\/\/blog.scaliagroup.com\/de\/ratgeber\/wie-man-lederschuhe-richtig-reinigt\/","og_site_name":"Der Blog von Scalia Group","article_publisher":"https:\/\/www.facebook.com\/ScaliaGroup\/","og_image":[{"url":"https:\/\/blog.scaliagroup.com\/wp-content\/uploads\/2018\/05\/pulire-scarpe.jpg","type":"","width":"","height":""}],"twitter_card":"summary_large_image","twitter_site":"@ScaliaGroup","twitter_misc":{"Gesch\u00e4tzte Lesezeit":"6\u00a0Minuten"},"schema":{"@context":"https:\/\/schema.org","@graph":[{"@type":"WebPage","@id":"https:\/\/blog.scaliagroup.com\/de\/ratgeber\/wie-man-lederschuhe-richtig-reinigt\/","url":"https:\/\/blog.scaliagroup.com\/de\/ratgeber\/wie-man-lederschuhe-richtig-reinigt\/","name":"Wie man Lederschuhe richtig reinigt - Scalia Group","isPartOf":{"@id":"https:\/\/blog.scaliagroup.com\/#website"},"primaryImageOfPage":{"@id":"https:\/\/blog.scaliagroup.com\/de\/ratgeber\/wie-man-lederschuhe-richtig-reinigt\/#primaryimage"},"image":{"@id":"https:\/\/blog.scaliagroup.com\/de\/ratgeber\/wie-man-lederschuhe-richtig-reinigt\/#primaryimage"},"thumbnailUrl":"https:\/\/blog.scaliagroup.com\/wp-content\/uploads\/2018\/05\/pulire-scarpe.jpg","datePublished":"2018-05-24T08:51:45+00:00","breadcrumb":{"@id":"https:\/\/blog.scaliagroup.com\/de\/ratgeber\/wie-man-lederschuhe-richtig-reinigt\/#breadcrumb"},"inLanguage":"de","potentialAction":[{"@type":"ReadAction","target":["https:\/\/blog.scaliagroup.com\/de\/ratgeber\/wie-man-lederschuhe-richtig-reinigt\/"]}]},{"@type":"ImageObject","inLanguage":"de","@id":"https:\/\/blog.scaliagroup.com\/de\/ratgeber\/wie-man-lederschuhe-richtig-reinigt\/#primaryimage","url":"https:\/\/blog.scaliagroup.com\/wp-content\/uploads\/2018\/05\/pulire-scarpe.jpg","contentUrl":"https:\/\/blog.scaliagroup.com\/wp-content\/uploads\/2018\/05\/pulire-scarpe.jpg"},{"@type":"BreadcrumbList","@id":"https:\/\/blog.scaliagroup.com\/de\/ratgeber\/wie-man-lederschuhe-richtig-reinigt\/#breadcrumb","itemListElement":[{"@type":"ListItem","position":1,"name":"N\u00fctzliche Ratgeber","item":"https:\/\/blog.scaliagroup.com\/de\/ratgeber\/"},{"@type":"ListItem","position":2,"name":"Wie man Lederschuhe richtig reinigt"}]},{"@type":"WebSite","@id":"https:\/\/blog.scaliagroup.com\/#website","url":"https:\/\/blog.scaliagroup.com\/","name":"Der Blog von Scalia Group","description":"","potentialAction":[{"@type":"SearchAction","target":{"@type":"EntryPoint","urlTemplate":"https:\/\/blog.scaliagroup.com\/?s={search_term_string}"},"query-input":{"@type":"PropertyValueSpecification","valueRequired":true,"valueName":"search_term_string"}}],"inLanguage":"de"}]}},"_links":{"self":[{"href":"https:\/\/blog.scaliagroup.com\/de\/wp-json\/wp\/v2\/pages\/13436","targetHints":{"allow":["GET"]}}],"collection":[{"href":"https:\/\/blog.scaliagroup.com\/de\/wp-json\/wp\/v2\/pages"}],"about":[{"href":"https:\/\/blog.scaliagroup.com\/de\/wp-json\/wp\/v2\/types\/page"}],"author":[{"embeddable":true,"href":"https:\/\/blog.scaliagroup.com\/de\/wp-json\/wp\/v2\/users\/2"}],"replies":[{"embeddable":true,"href":"https:\/\/blog.scaliagroup.com\/de\/wp-json\/wp\/v2\/comments?post=13436"}],"version-history":[{"count":10,"href":"https:\/\/blog.scaliagroup.com\/de\/wp-json\/wp\/v2\/pages\/13436\/revisions"}],"predecessor-version":[{"id":13446,"href":"https:\/\/blog.scaliagroup.com\/de\/wp-json\/wp\/v2\/pages\/13436\/revisions\/13446"}],"up":[{"embeddable":true,"href":"https:\/\/blog.scaliagroup.com\/de\/wp-json\/wp\/v2\/pages\/13393"}],"wp:attachment":[{"href":"https:\/\/blog.scaliagroup.com\/de\/wp-json\/wp\/v2\/media?parent=13436"}],"curies":[{"name":"wp","href":"https:\/\/api.w.org\/{rel}","templated":true}]}}