{"id":13576,"date":"2018-06-05T14:36:45","date_gmt":"2018-06-05T12:36:45","guid":{"rendered":"https:\/\/blog.scaliagroup.com\/?page_id=13576\/"},"modified":"2018-06-05T15:40:02","modified_gmt":"2018-06-05T13:40:02","slug":"wie-man-taschen-kleiderschrank-aufbewahrt","status":"publish","type":"page","link":"https:\/\/blog.scaliagroup.com\/de\/ratgeber\/wie-man-taschen-kleiderschrank-aufbewahrt\/","title":{"rendered":"Wie man Taschen im Kleiderschrank aufbewahrt"},"content":{"rendered":"<p><img decoding=\"async\" class=\"aligncenter size-full wp-image-13586\" src=\"https:\/\/blog.scaliagroup.com\/wp-content\/uploads\/2018\/06\/sistemare-borse-armadio.jpg\" alt=\"Wie man Taschen im Kleiderschrank aufbewahrt\" width=\"1400\"\/><\/p>\n<p>Das Aufbewahren von Taschen im Kleiderschrank ist ein h\u00e4ufig vorkommendes Problem. Jedes Mal, wenn man den Schrank aufr\u00e4umt, fragt man sich nicht nur, wie man die Lieblings-Accessoires auf die richtige Art verstaut, sondern auch wie man sie so aufbewahrt, dass sie die Zeit in der sie nicht genutzt werden gut \u00fcberstehen.<\/p>\n<p>All diese Zweifel kommen nat\u00fcrlich nicht nur bei Frauen auf, sondern auch die M\u00e4nner haben mit ihren Aktentaschen und Rucks\u00e4cken f\u00fcr die Arbeit dasselbe Problem, vor allem, da diese sehr h\u00e4ufig aus Leder sind und eine besondere Pflege ben\u00f6tigen.<\/p>\n<h2>Ordne deinen Kleiderschrank<\/h2>\n<p>Um all die Taschen im Kleiderschrank zu verstauen, gibt es verschiedene L\u00f6sungen im Handel, von denen man sich inspirieren lassen oder die man auch nachbauen kann, abh\u00e4ngig von der Art der Taschen, die man aufbewahren m\u00f6chte. Als erstes sollte man in jedem Fall einen festen Platz im Kleiderschrank oder eine Ecke im Zimmer f\u00fcr die Taschen frei machen, damit man die wichtigsten Taschen zu jedem Outfit dort immer sofort griffbereit hat.<\/p>\n<h3>Bewahre die Tasche im Dust Bag auf<\/h3>\n<p><figure id=\"attachment_13552\" aria-describedby=\"caption-attachment-13552\" style=\"width: 450px\" class=\"wp-caption alignright\"><img decoding=\"async\" src=\"https:\/\/blog.scaliagroup.com\/wp-content\/uploads\/2018\/06\/dust-bag-1024x1024.png\" alt=\"Dust bag\" width=\"450\" class=\"size-large wp-image-13552\" srcset=\"https:\/\/blog.scaliagroup.com\/wp-content\/uploads\/2018\/06\/dust-bag-1024x1024.png 1024w, https:\/\/blog.scaliagroup.com\/wp-content\/uploads\/2018\/06\/dust-bag-150x150.png 150w, https:\/\/blog.scaliagroup.com\/wp-content\/uploads\/2018\/06\/dust-bag-300x300.png 300w, https:\/\/blog.scaliagroup.com\/wp-content\/uploads\/2018\/06\/dust-bag-768x768.png 768w, https:\/\/blog.scaliagroup.com\/wp-content\/uploads\/2018\/06\/dust-bag-800x800.png 800w, https:\/\/blog.scaliagroup.com\/wp-content\/uploads\/2018\/06\/dust-bag.png 1400w\" sizes=\"(max-width: 1024px) 100vw, 1024px\" \/><figcaption id=\"caption-attachment-13552\" class=\"wp-caption-text\">Dust bag<\/figcaption><\/figure> Als allererstes sollte man daran denken, dass ein jedes Accessoires immer in dem dazugeh\u00f6rigen Dust Bag aufbewahrt werden sollte. Dieser sch\u00fctzt die Taschen, wie der Name schon sagt, vor Staub, aber auch vor Sonnenlicht oder Kratzern. Solltet ihr beim Kauf eurer Tasche keinen Dust Bag erhalten haben, kann man auch ganz einfach einen Stoffbeutel ohne Rei\u00dfverschluss oder andere Metallelemente verwenden. Letzteres ist wichtig, da diese eventuell unsch\u00f6ne Kratzer oder Rostflecken hinterlassen k\u00f6nnten. Eine Plastikt\u00fcte zu verwenden ist dagegen nicht zu empfehlen, da eine solche das Atmen Stoffes verhindert und somit unangenehme Ger\u00fcche entstehen k\u00f6nnten. Diese Empfehlung gilt nat\u00fcrlich sowohl f\u00fcr Ledertaschen, als auch f\u00fcr solche aus Kunststoff oder Stoff, da \u00e4u\u00dfere Einfl\u00fcsse stets Schaden verursachen k\u00f6nnen, unabh\u00e4ngig vom Material.<\/p>\n<h3>Baue die richtigen Regale f\u00fcr die Taschen ein<\/h3>\n<p>Im Inneren des Schrankes kann man rechteckige, herausziehbare oder auch stapelbare Regale verwenden, in denen man die Taschen dann sicher und gesch\u00fctzt verstauen kann. Wenn man dagegen einen l\u00e4nglichen Platz zur Verf\u00fcgung hat, kann man auch eine Kleiderstange verwenden, an der man normalerweise Kleiderb\u00fcgel aufh\u00e4ngt. Daran k\u00f6nnen dann mehrere h\u00e4ngende Stofff\u00e4cher angebracht werden. Dies ist eine platzsparende L\u00f6sung, mit der man auch den oberen Teil des Kleiderschrankes perfekt geordnet halten kann. Wenn man sehr viel Platz zur Verf\u00fcgung hat, kann man auch Kleiderschachteln verwenden: diese Option ist vor allem zu empfehlen, um Taschen aufzubewahren, die man f\u00fcr l\u00e4ngere Zeit nicht ben\u00f6tigt, da diese so nicht besonders ins Auge fallen. Wenn man besonders sorgf\u00e4ltig ist, spricht auch nichts dagegen, auf den Schachteln die entsprechenden Fotos einer jeden Tasche anzubringen, um problemlos immer die richtige Schachtel herauszugreifen!<\/p>\n<p>Auch in diesem Fall gibt es nat\u00fcrlich viele Do-it-yourself L\u00f6sungen, wie zum Beispiel das Anbringen von Haken im Inneren des Kleiderschrankes, an den W\u00e4nden oder aber hinter der T\u00fcr. Eine L\u00f6sung f\u00fcr eine gr\u00f6\u00dfere Anzahl an Taschen ist ansonsten auch das Aufh\u00e4ngen einer Kordel von etwa 50 cm L\u00e4nge, sodass man an dieser dann mehrere Taschen mit Hilfe von kleinen Haken aufh\u00e4ngen kann.<\/p>\n<h3>Die richtige Ordnung f\u00fcr jedes Taschenmodell<\/h3>\n<p> <img decoding=\"async\" class=\"alignright size-full wp-image-13556\" title=\"Kleiderschrank\" src=\"https:\/\/blog.scaliagroup.com\/wp-content\/uploads\/2018\/06\/guardaroba.jpg\" alt=\"Kleiderschrank\" width=\"450\" srcset=\"https:\/\/blog.scaliagroup.com\/wp-content\/uploads\/2018\/06\/guardaroba.jpg 540w, https:\/\/blog.scaliagroup.com\/wp-content\/uploads\/2018\/06\/guardaroba-225x300.jpg 225w, https:\/\/blog.scaliagroup.com\/wp-content\/uploads\/2018\/06\/guardaroba-295x393.jpg 295w\" sizes=\"(max-width: 540px) 100vw, 540px\" \/> Wie bereits kurz angedeutet h\u00e4ngt die Aufbewahrung der Taschen auch von der Art des Accessoires ab, von dem wir sprechen. F\u00fcr Abendtaschen oder Clutch sind kleine Schachteln oder schmale Regale am besten geeignet, um zu vermeiden, dass sie gequetscht werden oder ihre Form verlieren. Abgesehen davon sorgt ein geschlossener Beh\u00e4lter auch daf\u00fcr, dass die Metallelemente (die besonders bei dieser Art von Accessoires sehr h\u00e4ufig vorkommen) vor dem oxidieren gesch\u00fctzt werden. Die Shopper dagegen werden am Besten an einem Haken oder Kleiderb\u00fcgel aufgehangen, dasselbe gilt auch f\u00fcr kleine Rucks\u00e4cke, die man sehr gut an dem oberen Henkel aufh\u00e4ngen kann. Aktentaschen, Businesstaschen und Handkoffer dagegen haben meist eher fest Henkel und k\u00f6nnen deshalb am Besten auf dem Boden stehend aufbewahrte werden, um zu verhindern, dass das Gewicht der Tasche die Henkel verformt.<\/p>\n<h3>Bewahre auch die Businesstaschen richtig auf<\/h3>\n<p>Auch die <a href=\"https:\/\/www.scaliagroup.de\/businesstaschen\/\" title=\" Businesstaschen\"> Businesstaschen<\/a> ben\u00f6tigen bei der Aufbewahrung im Kleiderschrank dieselbe Aufmerksamkeit und Pflege, wie auch die Taschen, die wir in der Freizeit verwenden. Der einzige Unterschied betrifft die Ma\u00dfe und die Art der Henkel: die Businesstaschen haben eine besonders gro\u00dfe Kapazit\u00e4t und sind daf\u00fcr gemacht, Dokumente und Computer aufzunehmen, deshalb m\u00fcssen sie die exakten Ma\u00dfe und entsprechenden Innenf\u00e4cher haben. Aus diesen Gr\u00fcnden wird definitiv davon abgeraten, die Businesstaschen so aufzubewahren, dass sie geknickt oder unter anderen Taschen gequetscht werden. Auch bei den Innenf\u00e4chern sollte man aufpassen, dass sie sich nicht verformen, denn vor allem wenn diese gepolstert sind k\u00f6nnte ihre Schutzfunktion verringert werden.<\/p>\n<h2>Bereite die Taschen f\u00fcr den Jahreszeitenwechsel vor<\/h2>\n<p>F\u00fcr das Aufbewahren von Taschen, die aufgrund der falschen Jahreszeit \u00fcber einen l\u00e4ngeren Zeitraum nicht ben\u00f6tigt werden, gibt es eigentlich keine genauen Regeln zu befolgen, da dies vor allem von der generellen Organisation abh\u00e4ngt, die man f\u00fcr die Accessoires vorgesehen hat, und auch von der Art des Materials der Taschen.<\/p>\n<p>Abgesehen von dem unverzichtbaren Dust Bag, \u00fcber den wir bereits gesprochen haben, ist es au\u00dferdem sinnvoll, die Taschen mit ein wenig Papier zu polstern, um zu verhindern, dass sie im Laufe der Monat ihre Form verlieren. Dies ist au\u00dferdem auch ein n\u00fctzlicher Tipp f\u00fcr Taschen, die wir das ganze Jahr \u00fcber verwenden, vor allem bei den besonders empfindlichen, die nicht jeden Tag benutzt werden.<\/p>\n<p>Ein weiterer n\u00fctzlicher Tipp betrifft auch die Pflege von Ledertaschen: diese sollten nicht nur besonders gepflegt werden, wenn sie besch\u00e4digt sind oder einen Fleck haben, sondern auch vor l\u00e4ngeren Phasen, in denen sie nicht genutzt werden. In diesem Fall ist es nicht n\u00f6tig, zu speziellen Pflegeprodukten zu greifen, es reicht aus, ein einfaches Mikrofasertuch in Pflegemilch zu tauchen und damit leicht \u00fcber die Oberfl\u00e4che der Tasche zu reiben. Dadurch wird das Leder des Accessoires gl\u00e4nzend und gut befeuchtet, wodurch Falten und Knicken vorgebeugt wird und man die Lebensdauer des Leders verl\u00e4ngern kann.<\/p>\n<p>Indem sie diese kleinen Tipps befolgen, k\u00f6nnen die Liebhaber von Taschen (oder von Ordnung!) ganz einfach Ordnung in ihre liebsten Accessoires bringen und diese mit einfachen Gesten sowohl aufbewahren als auch Pflegen, womit die Lebensdauer der Taschen definitiv um einiges verl\u00e4ngert wird.<\/p>\n","protected":false},"excerpt":{"rendered":"<p>Das Aufbewahren von Taschen im Kleiderschrank ist ein h\u00e4ufig vorkommendes Problem. Jedes Mal, wenn man den Schrank aufr\u00e4umt, fragt man sich nicht nur, wie man die Lieblings-Accessoires auf die richtige Art verstaut, sondern auch wie man sie&#8230;<\/p>\n","protected":false},"author":2,"featured_media":0,"parent":13393,"menu_order":0,"comment_status":"closed","ping_status":"closed","template":"","meta":{"footnotes":""},"class_list":["post-13576","page","type-page","status-publish","hentry"],"yoast_head":"<!-- This site is optimized with the Yoast SEO plugin v24.6 - https:\/\/yoast.com\/wordpress\/plugins\/seo\/ -->\n<title>Scalia Group | Magazine<\/title>\n<meta name=\"robots\" content=\"index, follow, max-snippet:-1, max-image-preview:large, max-video-preview:-1\" \/>\n<link rel=\"canonical\" href=\"https:\/\/blog.scaliagroup.com\/de\/ratgeber\/wie-man-taschen-kleiderschrank-aufbewahrt\/\" \/>\n<meta property=\"og:locale\" content=\"de_DE\" \/>\n<meta property=\"og:type\" content=\"article\" \/>\n<meta property=\"og:title\" content=\"Wie man Taschen im Kleiderschrank aufbewahrt - Scalia Group\" \/>\n<meta property=\"og:description\" content=\"Das Aufbewahren von Taschen im Kleiderschrank ist ein h\u00e4ufig vorkommendes Problem. Jedes Mal, wenn man den Schrank aufr\u00e4umt, fragt man sich nicht nur, wie man die Lieblings-Accessoires auf die richtige Art verstaut, sondern auch wie man sie...\" \/>\n<meta property=\"og:url\" content=\"https:\/\/blog.scaliagroup.com\/de\/ratgeber\/wie-man-taschen-kleiderschrank-aufbewahrt\/\" \/>\n<meta property=\"og:site_name\" content=\"Der Blog von Scalia Group\" \/>\n<meta property=\"article:publisher\" content=\"https:\/\/www.facebook.com\/ScaliaGroup\/\" \/>\n<meta property=\"article:modified_time\" content=\"2018-06-05T13:40:02+00:00\" \/>\n<meta property=\"og:image\" content=\"https:\/\/blog.scaliagroup.com\/wp-content\/uploads\/2018\/06\/sistemare-borse-armadio.jpg\" \/>\n<meta name=\"twitter:card\" content=\"summary_large_image\" \/>\n<meta name=\"twitter:site\" content=\"@ScaliaGroup\" \/>\n<meta name=\"twitter:label1\" content=\"Gesch\u00e4tzte Lesezeit\" \/>\n\t<meta name=\"twitter:data1\" content=\"5\u00a0Minuten\" \/>\n<script type=\"application\/ld+json\" class=\"yoast-schema-graph\">{\"@context\":\"https:\/\/schema.org\",\"@graph\":[{\"@type\":\"WebPage\",\"@id\":\"https:\/\/blog.scaliagroup.com\/de\/ratgeber\/wie-man-taschen-kleiderschrank-aufbewahrt\/\",\"url\":\"https:\/\/blog.scaliagroup.com\/de\/ratgeber\/wie-man-taschen-kleiderschrank-aufbewahrt\/\",\"name\":\"Wie man Taschen im Kleiderschrank aufbewahrt - Scalia Group\",\"isPartOf\":{\"@id\":\"https:\/\/blog.scaliagroup.com\/#website\"},\"primaryImageOfPage\":{\"@id\":\"https:\/\/blog.scaliagroup.com\/de\/ratgeber\/wie-man-taschen-kleiderschrank-aufbewahrt\/#primaryimage\"},\"image\":{\"@id\":\"https:\/\/blog.scaliagroup.com\/de\/ratgeber\/wie-man-taschen-kleiderschrank-aufbewahrt\/#primaryimage\"},\"thumbnailUrl\":\"https:\/\/blog.scaliagroup.com\/wp-content\/uploads\/2018\/06\/sistemare-borse-armadio.jpg\",\"datePublished\":\"2018-06-05T12:36:45+00:00\",\"dateModified\":\"2018-06-05T13:40:02+00:00\",\"breadcrumb\":{\"@id\":\"https:\/\/blog.scaliagroup.com\/de\/ratgeber\/wie-man-taschen-kleiderschrank-aufbewahrt\/#breadcrumb\"},\"inLanguage\":\"de\",\"potentialAction\":[{\"@type\":\"ReadAction\",\"target\":[\"https:\/\/blog.scaliagroup.com\/de\/ratgeber\/wie-man-taschen-kleiderschrank-aufbewahrt\/\"]}]},{\"@type\":\"ImageObject\",\"inLanguage\":\"de\",\"@id\":\"https:\/\/blog.scaliagroup.com\/de\/ratgeber\/wie-man-taschen-kleiderschrank-aufbewahrt\/#primaryimage\",\"url\":\"https:\/\/blog.scaliagroup.com\/wp-content\/uploads\/2018\/06\/sistemare-borse-armadio.jpg\",\"contentUrl\":\"https:\/\/blog.scaliagroup.com\/wp-content\/uploads\/2018\/06\/sistemare-borse-armadio.jpg\"},{\"@type\":\"BreadcrumbList\",\"@id\":\"https:\/\/blog.scaliagroup.com\/de\/ratgeber\/wie-man-taschen-kleiderschrank-aufbewahrt\/#breadcrumb\",\"itemListElement\":[{\"@type\":\"ListItem\",\"position\":1,\"name\":\"N\u00fctzliche Ratgeber\",\"item\":\"https:\/\/blog.scaliagroup.com\/de\/ratgeber\/\"},{\"@type\":\"ListItem\",\"position\":2,\"name\":\"Wie man Taschen im Kleiderschrank aufbewahrt\"}]},{\"@type\":\"WebSite\",\"@id\":\"https:\/\/blog.scaliagroup.com\/#website\",\"url\":\"https:\/\/blog.scaliagroup.com\/\",\"name\":\"Der Blog von Scalia Group\",\"description\":\"\",\"potentialAction\":[{\"@type\":\"SearchAction\",\"target\":{\"@type\":\"EntryPoint\",\"urlTemplate\":\"https:\/\/blog.scaliagroup.com\/?s={search_term_string}\"},\"query-input\":{\"@type\":\"PropertyValueSpecification\",\"valueRequired\":true,\"valueName\":\"search_term_string\"}}],\"inLanguage\":\"de\"}]}<\/script>\n<!-- \/ Yoast SEO plugin. -->","yoast_head_json":{"title":"Scalia Group | Magazine","robots":{"index":"index","follow":"follow","max-snippet":"max-snippet:-1","max-image-preview":"max-image-preview:large","max-video-preview":"max-video-preview:-1"},"canonical":"https:\/\/blog.scaliagroup.com\/de\/ratgeber\/wie-man-taschen-kleiderschrank-aufbewahrt\/","og_locale":"de_DE","og_type":"article","og_title":"Wie man Taschen im Kleiderschrank aufbewahrt - Scalia Group","og_description":"Das Aufbewahren von Taschen im Kleiderschrank ist ein h\u00e4ufig vorkommendes Problem. Jedes Mal, wenn man den Schrank aufr\u00e4umt, fragt man sich nicht nur, wie man die Lieblings-Accessoires auf die richtige Art verstaut, sondern auch wie man sie...","og_url":"https:\/\/blog.scaliagroup.com\/de\/ratgeber\/wie-man-taschen-kleiderschrank-aufbewahrt\/","og_site_name":"Der Blog von Scalia Group","article_publisher":"https:\/\/www.facebook.com\/ScaliaGroup\/","article_modified_time":"2018-06-05T13:40:02+00:00","og_image":[{"url":"https:\/\/blog.scaliagroup.com\/wp-content\/uploads\/2018\/06\/sistemare-borse-armadio.jpg","type":"","width":"","height":""}],"twitter_card":"summary_large_image","twitter_site":"@ScaliaGroup","twitter_misc":{"Gesch\u00e4tzte Lesezeit":"5\u00a0Minuten"},"schema":{"@context":"https:\/\/schema.org","@graph":[{"@type":"WebPage","@id":"https:\/\/blog.scaliagroup.com\/de\/ratgeber\/wie-man-taschen-kleiderschrank-aufbewahrt\/","url":"https:\/\/blog.scaliagroup.com\/de\/ratgeber\/wie-man-taschen-kleiderschrank-aufbewahrt\/","name":"Wie man Taschen im Kleiderschrank aufbewahrt - Scalia Group","isPartOf":{"@id":"https:\/\/blog.scaliagroup.com\/#website"},"primaryImageOfPage":{"@id":"https:\/\/blog.scaliagroup.com\/de\/ratgeber\/wie-man-taschen-kleiderschrank-aufbewahrt\/#primaryimage"},"image":{"@id":"https:\/\/blog.scaliagroup.com\/de\/ratgeber\/wie-man-taschen-kleiderschrank-aufbewahrt\/#primaryimage"},"thumbnailUrl":"https:\/\/blog.scaliagroup.com\/wp-content\/uploads\/2018\/06\/sistemare-borse-armadio.jpg","datePublished":"2018-06-05T12:36:45+00:00","dateModified":"2018-06-05T13:40:02+00:00","breadcrumb":{"@id":"https:\/\/blog.scaliagroup.com\/de\/ratgeber\/wie-man-taschen-kleiderschrank-aufbewahrt\/#breadcrumb"},"inLanguage":"de","potentialAction":[{"@type":"ReadAction","target":["https:\/\/blog.scaliagroup.com\/de\/ratgeber\/wie-man-taschen-kleiderschrank-aufbewahrt\/"]}]},{"@type":"ImageObject","inLanguage":"de","@id":"https:\/\/blog.scaliagroup.com\/de\/ratgeber\/wie-man-taschen-kleiderschrank-aufbewahrt\/#primaryimage","url":"https:\/\/blog.scaliagroup.com\/wp-content\/uploads\/2018\/06\/sistemare-borse-armadio.jpg","contentUrl":"https:\/\/blog.scaliagroup.com\/wp-content\/uploads\/2018\/06\/sistemare-borse-armadio.jpg"},{"@type":"BreadcrumbList","@id":"https:\/\/blog.scaliagroup.com\/de\/ratgeber\/wie-man-taschen-kleiderschrank-aufbewahrt\/#breadcrumb","itemListElement":[{"@type":"ListItem","position":1,"name":"N\u00fctzliche Ratgeber","item":"https:\/\/blog.scaliagroup.com\/de\/ratgeber\/"},{"@type":"ListItem","position":2,"name":"Wie man Taschen im Kleiderschrank aufbewahrt"}]},{"@type":"WebSite","@id":"https:\/\/blog.scaliagroup.com\/#website","url":"https:\/\/blog.scaliagroup.com\/","name":"Der Blog von Scalia Group","description":"","potentialAction":[{"@type":"SearchAction","target":{"@type":"EntryPoint","urlTemplate":"https:\/\/blog.scaliagroup.com\/?s={search_term_string}"},"query-input":{"@type":"PropertyValueSpecification","valueRequired":true,"valueName":"search_term_string"}}],"inLanguage":"de"}]}},"_links":{"self":[{"href":"https:\/\/blog.scaliagroup.com\/de\/wp-json\/wp\/v2\/pages\/13576","targetHints":{"allow":["GET"]}}],"collection":[{"href":"https:\/\/blog.scaliagroup.com\/de\/wp-json\/wp\/v2\/pages"}],"about":[{"href":"https:\/\/blog.scaliagroup.com\/de\/wp-json\/wp\/v2\/types\/page"}],"author":[{"embeddable":true,"href":"https:\/\/blog.scaliagroup.com\/de\/wp-json\/wp\/v2\/users\/2"}],"replies":[{"embeddable":true,"href":"https:\/\/blog.scaliagroup.com\/de\/wp-json\/wp\/v2\/comments?post=13576"}],"version-history":[{"count":12,"href":"https:\/\/blog.scaliagroup.com\/de\/wp-json\/wp\/v2\/pages\/13576\/revisions"}],"predecessor-version":[{"id":13619,"href":"https:\/\/blog.scaliagroup.com\/de\/wp-json\/wp\/v2\/pages\/13576\/revisions\/13619"}],"up":[{"embeddable":true,"href":"https:\/\/blog.scaliagroup.com\/de\/wp-json\/wp\/v2\/pages\/13393"}],"wp:attachment":[{"href":"https:\/\/blog.scaliagroup.com\/de\/wp-json\/wp\/v2\/media?parent=13576"}],"curies":[{"name":"wp","href":"https:\/\/api.w.org\/{rel}","templated":true}]}}