{"id":13766,"date":"2018-06-21T09:26:03","date_gmt":"2018-06-21T07:26:03","guid":{"rendered":"https:\/\/blog.scaliagroup.com\/?page_id=13766\/"},"modified":"2018-06-21T09:27:40","modified_gmt":"2018-06-21T07:27:40","slug":"was-gehoert-in-koffer-fuer-strandurlaub","status":"publish","type":"page","link":"https:\/\/blog.scaliagroup.com\/de\/ratgeber\/was-gehoert-in-koffer-fuer-strandurlaub\/","title":{"rendered":"Was geh\u00f6rt in den Koffer f\u00fcr einen Strandurlaub?"},"content":{"rendered":"<p><img decoding=\"async\" class=\"aligncenter size-full wp-image-13751\" title=\"Strandurlaub\" src=\"https:\/\/blog.scaliagroup.com\/wp-content\/uploads\/2018\/06\/viaggio-mare.jpg\" alt=\"Strandurlaub\" width=\"1400\" srcset=\"https:\/\/blog.scaliagroup.com\/wp-content\/uploads\/2018\/06\/viaggio-mare.jpg 1400w, https:\/\/blog.scaliagroup.com\/wp-content\/uploads\/2018\/06\/viaggio-mare-300x139.jpg 300w, https:\/\/blog.scaliagroup.com\/wp-content\/uploads\/2018\/06\/viaggio-mare-768x357.jpg 768w, https:\/\/blog.scaliagroup.com\/wp-content\/uploads\/2018\/06\/viaggio-mare-1024x475.jpg 1024w\" sizes=\"(max-width: 1400px) 100vw, 1400px\" \/><\/p>\n<p>Die Ferien stehen fast vor der T\u00fcre und wenn das Ziel erst einmal fest steht ist es n\u00f6tig, das geeignete <a title=\"Reisegep\u00e4ck\" href=\"https:\/\/www.scaliagroup.de\/reisegepack\/\">Gep\u00e4ck<\/a> f\u00fcr die Reiseart und den Reisenden auszuw\u00e4hlen.<br \/>\nIm Sommer sind vor allem Orte am Meer besonders beliebt, an denen man oft zwischen Meer und Natur die perfekte Entspannung findet.<\/p>\n<h2>Die Wahl des Gep\u00e4ckst\u00fcckes<\/h2>\n<p>Ein Badeurlaub w\u00e4hrend der Sommersaison setzt nicht gerade die Wahl von besonders warmen oder platz-einnehmenden Kleidungsst\u00fccken voraus, weshalb der Vorsatz der Folgende ist: leicht reisen! Ein Gep\u00e4ckst\u00fcck von kleineren Dimensionen und mit leichtem Inhalt auszuw\u00e4hlen ist f\u00fcr einen Urlaub am Meer aus mehrerer Hinsicht sehr praktisch: wenn man mit dem Flugzeug reist, ist es einfacher, damit den Gewichts- und Gr\u00f6\u00dfenvorgaben der Billig-Fluggesellschaften zu entsprechen. Wenn man dagegen mit anderen Transportmitteln reist, sollte man bedenken, dass die besten Badeorte oft abgelegen von den von Autos oder Z\u00fcgen befahrenen Stra\u00dfen liegen, weshalb ein leichtes Gep\u00e4ck den Transport des Koffers nicht nur in einem Fahrzeug, sondern auch zu Fu\u00df deutlich einfach macht! Besonders eingehen sollte man auf die Inseln, auf denen es oft nicht m\u00f6glich ist, mit einem Auto herumzufahren, weshalb es dort besonders wichtig ist, kleine und leichte Gep\u00e4ckst\u00fccke mitzunehmen, um sich beim Erreichen des Ferienortes nicht gleich zu verausgaben.<\/p>\n<p>Nach dieser Logik sollte man am Besten einen Trolley oder eine Reisetasche w\u00e4hlen, je nach Anspruch des Reisenden. Ein Trolley ist vor allem w\u00e4hrend des Transportes sehr bequem und sorgt daf\u00fcr, dass das Innere des Koffers besonders geordnet bleibt. Eine Reisetasche dagegen ist praktischer f\u00fcr Reisen zu abenteuerlichen Zielen wie einem Campingplatz oder auf entlegene Inseln und erlaubt es, den Platz in ihrem Inneren perfekt auszunutzen, vor allem im Falle von kleinen Gegenst\u00e4nden wir Bikini oder Badehose und Strandtuch.<\/p>\n<h2><img decoding=\"async\" class=\"alignleft size-full wp-image-13755\" title=\"Urlaub am Meer\" src=\"https:\/\/blog.scaliagroup.com\/wp-content\/uploads\/2018\/06\/vacanza-mare.jpg\" alt=\"Urlaub am Meer\" width=\"450\" srcset=\"https:\/\/blog.scaliagroup.com\/wp-content\/uploads\/2018\/06\/vacanza-mare.jpg 450w, https:\/\/blog.scaliagroup.com\/wp-content\/uploads\/2018\/06\/vacanza-mare-150x150.jpg 150w, https:\/\/blog.scaliagroup.com\/wp-content\/uploads\/2018\/06\/vacanza-mare-300x300.jpg 300w\" sizes=\"(max-width: 450px) 100vw, 450px\" \/>Die Wahl der Reiseaccessoires<\/h2>\n<p>W\u00e4hrend eines Urlaubs am Meer machen die <a title=\"Reisezubeh\u00f6r\" href=\"https:\/\/www.scaliagroup.de\/reisegepack\/reisezubehor\/\">Reise-Accessoires<\/a> den entscheidenden Unterschied aus. Sie sind fundamental, um den Inhalt des Koffers bestens zu organisieren und je nach Reiseziel Zubeh\u00f6r, Kleidungsst\u00fccke und kleinere Objekte unterbringen zu k\u00f6nnen.<\/p>\n<h3>Schminkt\u00e4schchen<\/h3>\n<p>Unverzichtbar f\u00fcr die Frauen ist das Schminkt\u00e4schchen: auch wenn ein Urlaub am Meer einen eher nat\u00fcrlichen Stil basierend auf Wasser und Seife voraussetzt, ist die Schminktasche trotzdem fundamental, um die allt\u00e4gliche Schminke und Accessoires f\u00fcr die Haare aufzubewahren, darunter Klammern, Haargummis und Haarnadeln, die am Meer unverzichtbar sind. Wenn die Schminktasche klein und wasserfest ist, kann sie auch zum treuen Begleiter im Inneren der Handtasche werden, und uns so den ganzen Tag begleiten, um das Make-up jederzeit noch einmal auffrischen zu k\u00f6nnen.<\/p>\n<h3>Clutch als Allesk\u00f6nner<\/h3>\n<p>Im Gegensatz zum Schminkt\u00e4schchen ist die Clutch aus anderen Materialien und von abweichender Gr\u00f6\u00dfe hergestellt: Die Clutch ist ein Allesk\u00f6nner und nimmt in ihrem Inneren kleinste Objekte wie Schmuck und Accessoires, aber auch Ladekabel auf. Damit k\u00f6nnen alle kleineren Gegenst\u00e4nde in einem praktischen Beh\u00e4lter verstaut werden, womit man verhindert, dass sie sich im Inneren des Koffers verlieren. Vor allem beim Strandurlaub eignet sich die Clutch dann auch sehr gut, um ihren Inhalt in der Tasche vor auslaufender Creme oder Sonnen\u00f6l zu sch\u00fctzen.<\/p>\n<h3>Luftdichte Beh\u00e4lter<\/h3>\n<p>Luftdichte Beh\u00e4lter wie kleine Dosen oder Fl\u00e4schchen sind f\u00fcr einen Urlaub am Meer sehr praktisch, da man darin genau so viel Shampoo und Duschgel abf\u00fcllen kann, wie man f\u00fcr die Dauer der Reise ben\u00f6tigt. Plastikt\u00fctchen, in denen die Fl\u00fcssigkeiten dann aufbewahrt werden, sind wichtig, um zu verhindern, dass Cremes oder \u00d6le, von denen wir bereits vorher gesprochen haben auslaufen.<br \/>\nNicht zu vergessen ist dabei nat\u00fcrlich, dass diese durchsichtigen Plastikbeh\u00e4lter mit einem Volumen von 100 ml unverzichtbar f\u00fcr Reisen im Flugzeug sind, um den Transportregeln f\u00fcr Fl\u00fcssigkeiten zu entsprechen, die f\u00fcr das Handgep\u00e4ck vorgeschrieben sind.<\/p>\n<h3>H\u00fcllen f\u00fcr Schuhe oder Unterw\u00e4sche<\/h3>\n<p>Fundamental f\u00fcr eine jede Art von Reise sind H\u00fcllen f\u00fcr Unterw\u00e4sche oder Schuhe. Diese erlangen im Urlaub am Meer eine noch gr\u00f6\u00dfere Bedeutung, da dort auch mal Kleidungsst\u00fccke oder Schuhe im Koffer verstaut werden m\u00fcssen, die noch nicht ganz getrocknet sind. Um zu verhindern, dass Feuchtigkeit oder unangenehme Ger\u00fcche im Koffer entstehen ist es dementsprechend wichtig, luftdichte H\u00fcllen oder zumindest solche mit wasserfestem Verschluss zu haben.<\/p>\n<h2>Das perfekte Accessoires auf Reisen: Rucksack oder Strandtasche<img decoding=\"async\" class=\"alignright size-full wp-image-13759\" title=\"Borsa mare\" src=\"https:\/\/blog.scaliagroup.com\/wp-content\/uploads\/2018\/06\/borsa-mare.jpg\" alt=\"Borsa mare\" width=\"450\" srcset=\"https:\/\/blog.scaliagroup.com\/wp-content\/uploads\/2018\/06\/borsa-mare.jpg 450w, https:\/\/blog.scaliagroup.com\/wp-content\/uploads\/2018\/06\/borsa-mare-150x150.jpg 150w, https:\/\/blog.scaliagroup.com\/wp-content\/uploads\/2018\/06\/borsa-mare-300x300.jpg 300w\" sizes=\"(max-width: 450px) 100vw, 450px\" \/><\/h2>\n<p>Abgesehen von den wichtigsten Dingen, die man auf Reisen mitnimmt, ist es auch n\u00fctzlich, eine Tasche oder einen Rucksack in den Koffer zu packen, in dem die im Alltag ben\u00f6tigten Gegenst\u00e4nde aufbewahrt werden k\u00f6nnen. F\u00fcr die Tage am Meer eignet sich die Strandtasche am Besten, um Bikini, Badehose, Strandtuch, B\u00fccher und Sonnencreme aufzunehmen, vor allem, wenn diese mit kleinen\u00a0F\u00e4chern oder einer Clutch im Inneren ausgestattet ist, worin Smartphone, Sonnenbrille oder andere kleine Gegenst\u00e4nde aufbewahrt werden k\u00f6nnen.<br \/>\nF\u00fcr kleinere Ausfl\u00fcge oder f\u00fcr diejenigen, die gerne in einem sportlicheren Outfit ans Meer gehen, spielt auch der Rucksack eine wichtige Rolle. Dieser bietet die M\u00f6glichkeit, unter allen Umst\u00e4nden auf den Schultern getragen zu werden: damit ist ein Rucksack besonders bequem f\u00fcr einen Spaziergang in der Stadt, der Natur oder zu abgelegenen Str\u00e4nden, wo es von Bedeutung ist, eine bequeme Tasche auf dem R\u00fccken zu tragen und die H\u00e4nde frei zu haben.<\/p>\n<h2>Was im Koffer f\u00fcr den Strandurlaub nicht fehlen darf: Tipps und Tricks<\/h2>\n<p>Nachdem ihr nun endlich das richtige Gep\u00e4ckst\u00fcck und die geeigneten Reiseaccessoires f\u00fcr euren Urlaub ausgew\u00e4hlt habt, muss nur noch entschieden werden, was hinein kommt! Hier kommt eine kleine Liste mit n\u00fctzlichen und teils unverzichtbaren Gegenst\u00e4nden.<br \/>\nTaschenlampe, K-Way, Schutzh\u00fclle f\u00fcr den Koffer oder Rucksack und ein Regenschirm sind n\u00fctzliche Gegenst\u00e4nde bei eventuellen Regenf\u00e4llen oder Gewittern; zus\u00e4tzliche Unterw\u00e4sche und Badeanzug, W\u00e4schebeutel und leichte Flip-Flops im Handgep\u00e4ck k\u00f6nnen den Urlaub retten, falls der Koffer mal verloren geht oder im Falle, dass das gebuchte Zimmer noch nicht frei ist (und man aber trotzdem unbedingt schon mal ans Meer gehen will!); zuletzt, aber mit besonderem Nachdruck nennen wir noch ein T\u00e4schchen mit Medikamenten gegen Insektenstiche oder Verbrennungen, mit denen man sich in unangenehmen Situationen am Meer das Leben erleichtern kann.<\/p>\n<p>Wie man aus diesem Ratgeber erkennen kann, nimmt die Vorbereitung des Koffers einige Organisation in Anspruch und je nach Reiseziel sollte man ein Gep\u00e4ckst\u00fcck einem anderen vorziehen. Um noch einmal kurz das Wichtigste f\u00fcr einen Strandurlaub zusammenzufassen: auf jeden Fall ben\u00f6tigt wird ein praktischer und leichter Koffer, der nicht nur Kleidungsst\u00fccke, Accessoires und Badesachen enth\u00e4lt, sondern auch luftdichte und wasserfeste Beh\u00e4lter, sowie Clutch und T\u00e4schchen f\u00fcr alle m\u00f6glichen Verwendungszwecke.<\/p>\n","protected":false},"excerpt":{"rendered":"<p>Die Ferien stehen fast vor der T\u00fcre und wenn das Ziel erst einmal fest steht ist es n\u00f6tig, das geeignete Gep\u00e4ck f\u00fcr die Reiseart und den Reisenden auszuw\u00e4hlen. Im Sommer sind vor allem Orte am Meer besonders&#8230;<\/p>\n","protected":false},"author":2,"featured_media":0,"parent":13393,"menu_order":0,"comment_status":"closed","ping_status":"closed","template":"","meta":{"footnotes":""},"class_list":["post-13766","page","type-page","status-publish","hentry"],"yoast_head":"<!-- This site is optimized with the Yoast SEO plugin v24.6 - https:\/\/yoast.com\/wordpress\/plugins\/seo\/ -->\n<title>Scalia Group | Magazine<\/title>\n<meta name=\"robots\" content=\"index, follow, max-snippet:-1, max-image-preview:large, max-video-preview:-1\" \/>\n<link rel=\"canonical\" href=\"https:\/\/blog.scaliagroup.com\/de\/ratgeber\/was-gehoert-in-koffer-fuer-strandurlaub\/\" \/>\n<meta property=\"og:locale\" content=\"de_DE\" \/>\n<meta property=\"og:type\" content=\"article\" \/>\n<meta property=\"og:title\" content=\"Was geh\u00f6rt in den Koffer f\u00fcr einen Strandurlaub? - Scalia Group\" \/>\n<meta property=\"og:description\" content=\"Die Ferien stehen fast vor der T\u00fcre und wenn das Ziel erst einmal fest steht ist es n\u00f6tig, das geeignete Gep\u00e4ck f\u00fcr die Reiseart und den Reisenden auszuw\u00e4hlen. Im Sommer sind vor allem Orte am Meer besonders...\" \/>\n<meta property=\"og:url\" content=\"https:\/\/blog.scaliagroup.com\/de\/ratgeber\/was-gehoert-in-koffer-fuer-strandurlaub\/\" \/>\n<meta property=\"og:site_name\" content=\"Der Blog von Scalia Group\" \/>\n<meta property=\"article:publisher\" content=\"https:\/\/www.facebook.com\/ScaliaGroup\/\" \/>\n<meta property=\"article:modified_time\" content=\"2018-06-21T07:27:40+00:00\" \/>\n<meta property=\"og:image\" content=\"https:\/\/blog.scaliagroup.com\/wp-content\/uploads\/2018\/06\/viaggio-mare.jpg\" \/>\n<meta name=\"twitter:card\" content=\"summary_large_image\" \/>\n<meta name=\"twitter:site\" content=\"@ScaliaGroup\" \/>\n<meta name=\"twitter:label1\" content=\"Gesch\u00e4tzte Lesezeit\" \/>\n\t<meta name=\"twitter:data1\" content=\"6\u00a0Minuten\" \/>\n<script type=\"application\/ld+json\" class=\"yoast-schema-graph\">{\"@context\":\"https:\/\/schema.org\",\"@graph\":[{\"@type\":\"WebPage\",\"@id\":\"https:\/\/blog.scaliagroup.com\/de\/ratgeber\/was-gehoert-in-koffer-fuer-strandurlaub\/\",\"url\":\"https:\/\/blog.scaliagroup.com\/de\/ratgeber\/was-gehoert-in-koffer-fuer-strandurlaub\/\",\"name\":\"Was geh\u00f6rt in den Koffer f\u00fcr einen Strandurlaub? - Scalia Group\",\"isPartOf\":{\"@id\":\"https:\/\/blog.scaliagroup.com\/#website\"},\"primaryImageOfPage\":{\"@id\":\"https:\/\/blog.scaliagroup.com\/de\/ratgeber\/was-gehoert-in-koffer-fuer-strandurlaub\/#primaryimage\"},\"image\":{\"@id\":\"https:\/\/blog.scaliagroup.com\/de\/ratgeber\/was-gehoert-in-koffer-fuer-strandurlaub\/#primaryimage\"},\"thumbnailUrl\":\"https:\/\/blog.scaliagroup.com\/wp-content\/uploads\/2018\/06\/viaggio-mare.jpg\",\"datePublished\":\"2018-06-21T07:26:03+00:00\",\"dateModified\":\"2018-06-21T07:27:40+00:00\",\"breadcrumb\":{\"@id\":\"https:\/\/blog.scaliagroup.com\/de\/ratgeber\/was-gehoert-in-koffer-fuer-strandurlaub\/#breadcrumb\"},\"inLanguage\":\"de\",\"potentialAction\":[{\"@type\":\"ReadAction\",\"target\":[\"https:\/\/blog.scaliagroup.com\/de\/ratgeber\/was-gehoert-in-koffer-fuer-strandurlaub\/\"]}]},{\"@type\":\"ImageObject\",\"inLanguage\":\"de\",\"@id\":\"https:\/\/blog.scaliagroup.com\/de\/ratgeber\/was-gehoert-in-koffer-fuer-strandurlaub\/#primaryimage\",\"url\":\"https:\/\/blog.scaliagroup.com\/wp-content\/uploads\/2018\/06\/viaggio-mare.jpg\",\"contentUrl\":\"https:\/\/blog.scaliagroup.com\/wp-content\/uploads\/2018\/06\/viaggio-mare.jpg\"},{\"@type\":\"BreadcrumbList\",\"@id\":\"https:\/\/blog.scaliagroup.com\/de\/ratgeber\/was-gehoert-in-koffer-fuer-strandurlaub\/#breadcrumb\",\"itemListElement\":[{\"@type\":\"ListItem\",\"position\":1,\"name\":\"N\u00fctzliche Ratgeber\",\"item\":\"https:\/\/blog.scaliagroup.com\/de\/ratgeber\/\"},{\"@type\":\"ListItem\",\"position\":2,\"name\":\"Was geh\u00f6rt in den Koffer f\u00fcr einen Strandurlaub?\"}]},{\"@type\":\"WebSite\",\"@id\":\"https:\/\/blog.scaliagroup.com\/#website\",\"url\":\"https:\/\/blog.scaliagroup.com\/\",\"name\":\"Der Blog von Scalia Group\",\"description\":\"\",\"potentialAction\":[{\"@type\":\"SearchAction\",\"target\":{\"@type\":\"EntryPoint\",\"urlTemplate\":\"https:\/\/blog.scaliagroup.com\/?s={search_term_string}\"},\"query-input\":{\"@type\":\"PropertyValueSpecification\",\"valueRequired\":true,\"valueName\":\"search_term_string\"}}],\"inLanguage\":\"de\"}]}<\/script>\n<!-- \/ Yoast SEO plugin. -->","yoast_head_json":{"title":"Scalia Group | Magazine","robots":{"index":"index","follow":"follow","max-snippet":"max-snippet:-1","max-image-preview":"max-image-preview:large","max-video-preview":"max-video-preview:-1"},"canonical":"https:\/\/blog.scaliagroup.com\/de\/ratgeber\/was-gehoert-in-koffer-fuer-strandurlaub\/","og_locale":"de_DE","og_type":"article","og_title":"Was geh\u00f6rt in den Koffer f\u00fcr einen Strandurlaub? - Scalia Group","og_description":"Die Ferien stehen fast vor der T\u00fcre und wenn das Ziel erst einmal fest steht ist es n\u00f6tig, das geeignete Gep\u00e4ck f\u00fcr die Reiseart und den Reisenden auszuw\u00e4hlen. Im Sommer sind vor allem Orte am Meer besonders...","og_url":"https:\/\/blog.scaliagroup.com\/de\/ratgeber\/was-gehoert-in-koffer-fuer-strandurlaub\/","og_site_name":"Der Blog von Scalia Group","article_publisher":"https:\/\/www.facebook.com\/ScaliaGroup\/","article_modified_time":"2018-06-21T07:27:40+00:00","og_image":[{"url":"https:\/\/blog.scaliagroup.com\/wp-content\/uploads\/2018\/06\/viaggio-mare.jpg","type":"","width":"","height":""}],"twitter_card":"summary_large_image","twitter_site":"@ScaliaGroup","twitter_misc":{"Gesch\u00e4tzte Lesezeit":"6\u00a0Minuten"},"schema":{"@context":"https:\/\/schema.org","@graph":[{"@type":"WebPage","@id":"https:\/\/blog.scaliagroup.com\/de\/ratgeber\/was-gehoert-in-koffer-fuer-strandurlaub\/","url":"https:\/\/blog.scaliagroup.com\/de\/ratgeber\/was-gehoert-in-koffer-fuer-strandurlaub\/","name":"Was geh\u00f6rt in den Koffer f\u00fcr einen Strandurlaub? - Scalia Group","isPartOf":{"@id":"https:\/\/blog.scaliagroup.com\/#website"},"primaryImageOfPage":{"@id":"https:\/\/blog.scaliagroup.com\/de\/ratgeber\/was-gehoert-in-koffer-fuer-strandurlaub\/#primaryimage"},"image":{"@id":"https:\/\/blog.scaliagroup.com\/de\/ratgeber\/was-gehoert-in-koffer-fuer-strandurlaub\/#primaryimage"},"thumbnailUrl":"https:\/\/blog.scaliagroup.com\/wp-content\/uploads\/2018\/06\/viaggio-mare.jpg","datePublished":"2018-06-21T07:26:03+00:00","dateModified":"2018-06-21T07:27:40+00:00","breadcrumb":{"@id":"https:\/\/blog.scaliagroup.com\/de\/ratgeber\/was-gehoert-in-koffer-fuer-strandurlaub\/#breadcrumb"},"inLanguage":"de","potentialAction":[{"@type":"ReadAction","target":["https:\/\/blog.scaliagroup.com\/de\/ratgeber\/was-gehoert-in-koffer-fuer-strandurlaub\/"]}]},{"@type":"ImageObject","inLanguage":"de","@id":"https:\/\/blog.scaliagroup.com\/de\/ratgeber\/was-gehoert-in-koffer-fuer-strandurlaub\/#primaryimage","url":"https:\/\/blog.scaliagroup.com\/wp-content\/uploads\/2018\/06\/viaggio-mare.jpg","contentUrl":"https:\/\/blog.scaliagroup.com\/wp-content\/uploads\/2018\/06\/viaggio-mare.jpg"},{"@type":"BreadcrumbList","@id":"https:\/\/blog.scaliagroup.com\/de\/ratgeber\/was-gehoert-in-koffer-fuer-strandurlaub\/#breadcrumb","itemListElement":[{"@type":"ListItem","position":1,"name":"N\u00fctzliche Ratgeber","item":"https:\/\/blog.scaliagroup.com\/de\/ratgeber\/"},{"@type":"ListItem","position":2,"name":"Was geh\u00f6rt in den Koffer f\u00fcr einen Strandurlaub?"}]},{"@type":"WebSite","@id":"https:\/\/blog.scaliagroup.com\/#website","url":"https:\/\/blog.scaliagroup.com\/","name":"Der Blog von Scalia Group","description":"","potentialAction":[{"@type":"SearchAction","target":{"@type":"EntryPoint","urlTemplate":"https:\/\/blog.scaliagroup.com\/?s={search_term_string}"},"query-input":{"@type":"PropertyValueSpecification","valueRequired":true,"valueName":"search_term_string"}}],"inLanguage":"de"}]}},"_links":{"self":[{"href":"https:\/\/blog.scaliagroup.com\/de\/wp-json\/wp\/v2\/pages\/13766","targetHints":{"allow":["GET"]}}],"collection":[{"href":"https:\/\/blog.scaliagroup.com\/de\/wp-json\/wp\/v2\/pages"}],"about":[{"href":"https:\/\/blog.scaliagroup.com\/de\/wp-json\/wp\/v2\/types\/page"}],"author":[{"embeddable":true,"href":"https:\/\/blog.scaliagroup.com\/de\/wp-json\/wp\/v2\/users\/2"}],"replies":[{"embeddable":true,"href":"https:\/\/blog.scaliagroup.com\/de\/wp-json\/wp\/v2\/comments?post=13766"}],"version-history":[{"count":9,"href":"https:\/\/blog.scaliagroup.com\/de\/wp-json\/wp\/v2\/pages\/13766\/revisions"}],"predecessor-version":[{"id":13794,"href":"https:\/\/blog.scaliagroup.com\/de\/wp-json\/wp\/v2\/pages\/13766\/revisions\/13794"}],"up":[{"embeddable":true,"href":"https:\/\/blog.scaliagroup.com\/de\/wp-json\/wp\/v2\/pages\/13393"}],"wp:attachment":[{"href":"https:\/\/blog.scaliagroup.com\/de\/wp-json\/wp\/v2\/media?parent=13766"}],"curies":[{"name":"wp","href":"https:\/\/api.w.org\/{rel}","templated":true}]}}